{"id":833,"date":"2022-01-06T14:31:17","date_gmt":"2022-01-06T11:31:17","guid":{"rendered":"http:\/\/belediyeis.org.tr\/merkez\/?page_id=833"},"modified":"2022-01-25T10:30:57","modified_gmt":"2022-01-25T07:30:57","slug":"orgutlenme","status":"publish","type":"page","link":"https:\/\/belediyeis.org.tr\/merkez\/orgutlenme\/","title":{"rendered":"\u00d6rg\u00fctlenme"},"content":{"rendered":"\t\t<div data-elementor-type=\"wp-page\" data-elementor-id=\"833\" class=\"elementor elementor-833\">\n\t\t\t\t\t\t<section class=\"elementor-section elementor-top-section elementor-element elementor-element-55fa15a elementor-section-boxed elementor-section-height-default elementor-section-height-default\" data-id=\"55fa15a\" data-element_type=\"section\" data-e-type=\"section\">\n\t\t\t\t\t\t<div class=\"elementor-container elementor-column-gap-default\">\n\t\t\t\t\t<div class=\"elementor-column elementor-col-100 elementor-top-column elementor-element elementor-element-f7634c5\" data-id=\"f7634c5\" data-element_type=\"column\" data-e-type=\"column\">\n\t\t\t<div class=\"elementor-widget-wrap elementor-element-populated\">\n\t\t\t\t\t\t<div class=\"elementor-element elementor-element-7e62b63 elementor-widget elementor-widget-image\" data-id=\"7e62b63\" data-element_type=\"widget\" data-e-type=\"widget\" data-widget_type=\"image.default\">\n\t\t\t\t<div class=\"elementor-widget-container\">\n\t\t\t\t\t\t\t\t\t\t\t\t\t\t\t<img fetchpriority=\"high\" decoding=\"async\" width=\"1140\" height=\"570\" src=\"http:\/\/belediyeis.org.tr\/merkez\/wp-content\/uploads\/2022\/01\/C\u0327alis\u0327ma4-1140x570.jpg\" class=\"attachment-jnews-1140x570 size-jnews-1140x570 wp-image-1695\" alt=\"\" srcset=\"http:\/\/belediyeis.org.tr\/merkez\/wp-content\/uploads\/2022\/01\/C\u0327alis\u0327ma4-1140x570.jpg 1140w, http:\/\/belediyeis.org.tr\/merkez\/wp-content\/uploads\/2022\/01\/C\u0327alis\u0327ma4-360x180.jpg 360w, http:\/\/belediyeis.org.tr\/merkez\/wp-content\/uploads\/2022\/01\/C\u0327alis\u0327ma4-750x375.jpg 750w\" sizes=\"(max-width: 1140px) 100vw, 1140px\" \/>\t\t\t\t\t\t\t\t\t\t\t\t\t\t\t<\/div>\n\t\t\t\t<\/div>\n\t\t\t\t\t<\/div>\n\t\t<\/div>\n\t\t\t\t\t<\/div>\n\t\t<\/section>\n\t\t\t\t<section class=\"elementor-section elementor-top-section elementor-element elementor-element-7acb9315 elementor-section-boxed elementor-section-height-default elementor-section-height-default\" data-id=\"7acb9315\" data-element_type=\"section\" data-e-type=\"section\">\n\t\t\t\t\t\t<div class=\"elementor-container elementor-column-gap-default\">\n\t\t\t\t\t<div class=\"elementor-column elementor-col-100 elementor-top-column elementor-element elementor-element-c455385\" data-id=\"c455385\" data-element_type=\"column\" data-e-type=\"column\">\n\t\t\t<div class=\"elementor-widget-wrap elementor-element-populated\">\n\t\t\t\t\t\t<div class=\"elementor-element elementor-element-28034f40 elementor-widget elementor-widget-text-editor\" data-id=\"28034f40\" data-element_type=\"widget\" data-e-type=\"widget\" data-widget_type=\"text-editor.default\">\n\t\t\t\t<div class=\"elementor-widget-container\">\n\t\t\t\t\t\t\t\t\t<p>\u00a0<\/p>\n\n<p style=\"text-align: justify;\"><span style=\"color: #ff0000; font-size: 14pt;\"><strong>\u00d6rg\u00fctlenme Politikam\u0131z<\/strong><\/span><\/p>\n\n<p style=\"text-align: justify;\">\u00dclkemiz ve d\u00fcnya tarihinin belki de en ciddi ekonomik krizini ya\u015famaktad\u0131r.<\/p>\n\n<p style=\"text-align: justify;\">D\u00fcnyada ve \u00fclkemizde ya\u015fanan ekonomik krizin faturas\u0131 i\u015f\u00e7ilere kesilmi\u015f, kriz bahanesiyle milyonlarca \u00e7al\u0131\u015fan, i\u015fini, ekme\u011fini kay\u0131p etmi\u015ftir. D\u00fcnyan\u0131n her yerinde i\u015f\u00e7ilere yap\u0131lan bask\u0131 zul\u00fcm devam etmekte i\u015f\u00e7iler her ge\u00e7en g\u00fcn biraz daha a\u00e7l\u0131\u011fa, yoklu\u011fa mahk\u00fbm edilmektedir.<\/p>\n\n<p style=\"text-align: justify;\">Bu sald\u0131r\u0131lara dur diye bilmenin tek yolu \u00f6rg\u00fctl\u00fc bir g\u00fc\u00e7 olarak kar\u015f\u0131 koyabilmektir. \u0130\u015f\u00e7i s\u0131n\u0131f\u0131 ancak ve ancak \u00f6rg\u00fctl\u00fc bir g\u00fc\u00e7 oldu\u011funda haklar\u0131n\u0131 savunabilir ve yeni haklar elde edebilir.<\/p>\n\n<p style=\"text-align: justify;\">Uygulamaya konulan siyasi ve ekonomik politikalar\u0131n sonucu i\u015f kolumuzda ta\u015feron i\u015f\u00e7ilik, ge\u00e7ici i\u015f\u00e7ilik gibi \u00e7al\u0131\u015fma \u015fekilleri \u00f6rg\u00fctlenmenin \u00f6n\u00fcnde ki en b\u00fcy\u00fck engeldir bunun yan\u0131 s\u0131ra norm kadro yasas\u0131yla da i\u015f kolumuzda \u00e7al\u0131\u015fan say\u0131s\u0131 olduk\u00e7a d\u00fc\u015fm\u00fc\u015ft\u00fcr daha da d\u00fc\u015fece\u011fi muhakkakt\u0131r. Esneklik yada yar\u0131 zamanl\u0131 i\u015f anlay\u0131\u015f\u0131 ise, sadece \u00fclkemiz i\u015f\u00e7i hareketini de\u011fil t\u00fcm d\u00fcnyadaki i\u015f\u00e7i ve sendika hareketini tehdit etmektedir. Ancak T\u00fcrkiye deki sendikal gerilemeyi sadece k\u00fcresel geli\u015fmelere yada \u00fclkemizdeki ekonomik krize ba\u011flamak s\u0131\u011f bir d\u00fc\u015f\u00fcnce olmaktan \u00f6teye ge\u00e7emez. \u00d6zellikle \u00f6rg\u00fctlenme konusunda ciddi problemler ya\u015fayan sendikal hareket, sendikam\u0131z\u0131n da faaliyet g\u00f6sterdi\u011fi Genel Hizmetler i\u015f kolunda iyice artmaktad\u0131r. Di\u011fer i\u015f kollar\u0131na g\u00f6re \u00f6rg\u00fctlenme alan\u0131, kamusal mahiyeti sebebiyle, daha geni\u015f olan Genel Hizmetler i\u015f kolu, belediye ba\u015fkanlar\u0131n\u0131n siyasal tercihlerinin \u00f6n plana \u00e7\u0131kmas\u0131 ile birlikte \u00f6rg\u00fctlenmesi ve \u00f6rg\u00fctl\u00fc kal\u0131nmas\u0131 zor bir zemin haline gelmi\u015ftir.<\/p>\n\n<p style=\"text-align: justify;\">Kocaeli b\u00fcy\u00fck\u015fehir, Erzurum b\u00fcy\u00fck\u015fehir Diyarbak\u0131r b\u00fcy\u00fck\u015fehir belediyelerinde bask\u0131 ,tehditle \u00fcyelerimiz zorla belediye ba\u015fkanlar\u0131n\u0131n siyasal olarak kendilerine yak\u0131n g\u00f6rd\u00fckleri ve istediklerini kolayca yapt\u0131rabilecekleri sendikalar\u0131 tercih ederek sendikal \u00f6rg\u00fctl\u00fcl\u00fc\u011f\u00fc zay\u0131flatmaktad\u0131rlar. Ancak b\u00fct\u00fcn bu olumsuzluklar bizleri y\u0131ld\u0131ramayacakt\u0131r.<\/p>\n\n<p style=\"text-align: justify;\">\u0130\u015f kolumuzda \u00e7al\u0131\u015fan i\u015f\u00e7ilerin sendikal\u0131 olma heyecan\u0131n\u0131 ve bilincini ya\u015famalar\u0131 gerekti\u011fine ve haklar\u0131m\u0131z\u0131n ancak \u00f6rg\u00fctl\u00fc bir m\u00fccadele ile kazan\u0131labilece\u011fine inan\u0131yoruz.<\/p>\n\n<p style=\"text-align: justify;\">Sendikam\u0131z\u0131n politikas\u0131 y\u00fcz\u00fc s\u0131n\u0131fa d\u00f6n\u00fck g\u00fcc\u00fcn\u00fc i\u015f\u00e7i s\u0131n\u0131f\u0131ndan alan ve varl\u0131\u011f\u0131n\u0131n yegane temeli s\u0131n\u0131f\u0131n birli\u011fini sa\u011flamak \u00e7\u0131karlar\u0131n\u0131 korumak oldu\u011fu i\u00e7indir ki bug\u00fcn onca siyasi bask\u0131, tehdit korku politikalar\u0131na ra\u011fmen i\u015f kolunda ki en b\u00fcy\u00fck sendika olma \u00f6zelli\u011fini korumaktad\u0131r.<\/p>\n\t\t\t\t\t\t\t\t<\/div>\n\t\t\t\t<\/div>\n\t\t\t\t\t<\/div>\n\t\t<\/div>\n\t\t\t\t\t<\/div>\n\t\t<\/section>\n\t\t\t\t<\/div>\n\t\t","protected":false},"excerpt":{"rendered":"<p>\u00a0 \u00d6rg\u00fctlenme Politikam\u0131z \u00dclkemiz ve d\u00fcnya tarihinin belki de en ciddi ekonomik krizini ya\u015famaktad\u0131r. D\u00fcnyada ve \u00fclkemizde ya\u015fanan ekonomik krizin faturas\u0131 i\u015f\u00e7ilere kesilmi\u015f, kriz bahanesiyle milyonlarca \u00e7al\u0131\u015fan, i\u015fini, ekme\u011fini kay\u0131p etmi\u015ftir. D\u00fcnyan\u0131n her yerinde i\u015f\u00e7ilere yap\u0131lan bask\u0131 zul\u00fcm devam etmekte i\u015f\u00e7iler her ge\u00e7en g\u00fcn biraz daha a\u00e7l\u0131\u011fa, yoklu\u011fa mahk\u00fbm edilmektedir. Bu sald\u0131r\u0131lara dur diye bilmenin [&hellip;]<\/p>\n","protected":false},"author":1,"featured_media":0,"parent":0,"menu_order":0,"comment_status":"closed","ping_status":"closed","template":"","meta":{"jnews_page_loop":{"enable_page_loop":"0","first_title":"Latest Post","second_title":"","header_type":"heading_6","header_background":"","header_text_color":"","layout":"right-sidebar","sidebar":"default-sidebar","second_sidebar":"default-sidebar","sticky_sidebar":"1","module":"3","boxed":"0","boxed_shadow":"0","box_shadow":"0","excerpt_length":"20","content_date":"default","date_custom":"Y\/m\/d","content_pagination":"nav_1","pagination_align":"center","show_navtext":"0","show_pageinfo":"0","post_offset":"0","posts_per_page":"5","include_post":"","exclude_post":"","include_category":"","exclude_category":"","include_author":"","include_tag":"","exclude_tag":"","sort_by":"latest"},"jnews_single_page":{"layout":"no-sidebar","sidebar":"default-sidebar","second_sidebar":"default-sidebar","sticky_sidebar":"1","show_post_featured":"1","show_post_meta":"0","share_position":"hide","share_color":"share-monocrhome"},"jnews_social_meta":{"fb_title":"","fb_description":"","fb_image":"","twitter_title":"","twitter_description":"","twitter_image":""},"footnotes":""},"class_list":["post-833","page","type-page","status-publish","hentry"],"_links":{"self":[{"href":"https:\/\/belediyeis.org.tr\/merkez\/wp-json\/wp\/v2\/pages\/833","targetHints":{"allow":["GET"]}}],"collection":[{"href":"https:\/\/belediyeis.org.tr\/merkez\/wp-json\/wp\/v2\/pages"}],"about":[{"href":"https:\/\/belediyeis.org.tr\/merkez\/wp-json\/wp\/v2\/types\/page"}],"author":[{"embeddable":true,"href":"https:\/\/belediyeis.org.tr\/merkez\/wp-json\/wp\/v2\/users\/1"}],"replies":[{"embeddable":true,"href":"https:\/\/belediyeis.org.tr\/merkez\/wp-json\/wp\/v2\/comments?post=833"}],"version-history":[{"count":36,"href":"https:\/\/belediyeis.org.tr\/merkez\/wp-json\/wp\/v2\/pages\/833\/revisions"}],"predecessor-version":[{"id":1698,"href":"https:\/\/belediyeis.org.tr\/merkez\/wp-json\/wp\/v2\/pages\/833\/revisions\/1698"}],"wp:attachment":[{"href":"https:\/\/belediyeis.org.tr\/merkez\/wp-json\/wp\/v2\/media?parent=833"}],"curies":[{"name":"wp","href":"https:\/\/api.w.org\/{rel}","templated":true}]}}