{"id":806,"date":"2022-01-06T13:50:08","date_gmt":"2022-01-06T10:50:08","guid":{"rendered":"http:\/\/belediyeis.org.tr\/merkez\/?page_id=806"},"modified":"2022-01-25T16:41:24","modified_gmt":"2022-01-25T13:41:24","slug":"hakkinda","status":"publish","type":"page","link":"https:\/\/belediyeis.org.tr\/merkez\/hakkinda\/","title":{"rendered":"Hakk\u0131m\u0131zda"},"content":{"rendered":"\t\t<div data-elementor-type=\"wp-page\" data-elementor-id=\"806\" class=\"elementor elementor-806\">\n\t\t\t\t\t\t<section class=\"elementor-section elementor-top-section elementor-element elementor-element-9e94fcc elementor-section-boxed elementor-section-height-default elementor-section-height-default\" data-id=\"9e94fcc\" data-element_type=\"section\" data-e-type=\"section\">\n\t\t\t\t\t\t<div class=\"elementor-container elementor-column-gap-default\">\n\t\t\t\t\t<div class=\"elementor-column elementor-col-100 elementor-top-column elementor-element elementor-element-85a562c\" data-id=\"85a562c\" data-element_type=\"column\" data-e-type=\"column\">\n\t\t\t<div class=\"elementor-widget-wrap\">\n\t\t\t\t\t\t\t<\/div>\n\t\t<\/div>\n\t\t\t\t\t<\/div>\n\t\t<\/section>\n\t\t\t\t<section class=\"elementor-section elementor-top-section elementor-element elementor-element-7cd0145 elementor-section-boxed elementor-section-height-default elementor-section-height-default\" data-id=\"7cd0145\" data-element_type=\"section\" data-e-type=\"section\">\n\t\t\t\t\t\t<div class=\"elementor-container elementor-column-gap-default\">\n\t\t\t\t\t<div class=\"elementor-column elementor-col-100 elementor-top-column elementor-element elementor-element-5d767af\" data-id=\"5d767af\" data-element_type=\"column\" data-e-type=\"column\">\n\t\t\t<div class=\"elementor-widget-wrap elementor-element-populated\">\n\t\t\t\t\t\t<div class=\"elementor-element elementor-element-81aca87 elementor-widget elementor-widget-image\" data-id=\"81aca87\" data-element_type=\"widget\" data-e-type=\"widget\" data-widget_type=\"image.default\">\n\t\t\t\t<div class=\"elementor-widget-container\">\n\t\t\t\t\t\t\t\t\t\t\t\t\t\t\t<img fetchpriority=\"high\" decoding=\"async\" width=\"1140\" height=\"570\" src=\"http:\/\/belediyeis.org.tr\/merkez\/wp-content\/uploads\/2022\/01\/hakkinda-1-1140x570.jpg\" class=\"attachment-jnews-1140x570 size-jnews-1140x570 wp-image-1628\" alt=\"\" srcset=\"http:\/\/belediyeis.org.tr\/merkez\/wp-content\/uploads\/2022\/01\/hakkinda-1-1140x570.jpg 1140w, http:\/\/belediyeis.org.tr\/merkez\/wp-content\/uploads\/2022\/01\/hakkinda-1-360x180.jpg 360w, http:\/\/belediyeis.org.tr\/merkez\/wp-content\/uploads\/2022\/01\/hakkinda-1-750x375.jpg 750w\" sizes=\"(max-width: 1140px) 100vw, 1140px\" \/>\t\t\t\t\t\t\t\t\t\t\t\t\t\t\t<\/div>\n\t\t\t\t<\/div>\n\t\t\t\t\t<\/div>\n\t\t<\/div>\n\t\t\t\t\t<\/div>\n\t\t<\/section>\n\t\t\t\t<section class=\"elementor-section elementor-top-section elementor-element elementor-element-78be946a elementor-section-boxed elementor-section-height-default elementor-section-height-default\" data-id=\"78be946a\" data-element_type=\"section\" data-e-type=\"section\">\n\t\t\t\t\t\t<div class=\"elementor-container elementor-column-gap-default\">\n\t\t\t\t\t<div class=\"elementor-column elementor-col-100 elementor-top-column elementor-element elementor-element-59a5a8e1\" data-id=\"59a5a8e1\" data-element_type=\"column\" data-e-type=\"column\">\n\t\t\t<div class=\"elementor-widget-wrap elementor-element-populated\">\n\t\t\t\t\t\t<div class=\"elementor-element elementor-element-32e89037 elementor-widget elementor-widget-text-editor\" data-id=\"32e89037\" data-element_type=\"widget\" data-e-type=\"widget\" data-widget_type=\"text-editor.default\">\n\t\t\t\t<div class=\"elementor-widget-container\">\n\t\t\t\t\t\t\t\t\t<p style=\"text-align: justify;\">Belediye-i\u015f sendikas\u0131 k\u00f6kl\u00fc bir ge\u00e7mi\u015fe sahiptir. Verdi\u011fi m\u00fccadelelerle T\u00fcrkiye i\u015f\u00e7i tarihinde derin izler b\u0131rakm\u0131\u015ft\u0131r. \u00dclkemizde demokrasinin kesintiye u\u011framas\u0131, sendikal yasalar\u0131n, y\u00f6netmeliklerin de\u011fi\u015fik nedenlerle s\u0131k s\u0131k de\u011fi\u015ftirilmesi bu k\u00f6kl\u00fc ge\u00e7mi\u015fin gizlenmesine neden olmu\u015ftur. Oysa Belediye-\u0130\u015f&#8217;in tarihinin k\u00f6kleri 1949&#8217;lara dayanmaktad\u0131r.<\/p><p style=\"text-align: justify;\">1949 y\u0131l\u0131nda \u0130stanbul \u0130ETT&#8217;de \u00e7al\u0131\u015fan 50 i\u015f\u00e7inin bir araya gelmesiyle \u00f6rg\u00fctlenme i\u00e7in ilk ad\u0131m at\u0131l\u0131r. \u00d6rg\u00fctlenme \u00e7abalar\u0131 ba\u015far\u0131yla sonu\u00e7lan\u0131r. Mehmet \u0130nhanl\u0131 ba\u015fkanl\u0131\u011f\u0131nda 50 ki\u015filik grup taraf\u0131ndan, 14 Temmuz 1949&#8217;da \u0130stanbul Elektrik Gaz ve Motorlu Ta\u015f\u0131t \u0130\u015f\u00e7ileri Sendikas\u0131 kurulur. \u0130ETT at\u00f6lyelerinde \u00e7al\u0131\u015fan i\u015f\u00e7iler kontrol\u00f6rler, vagon i\u015f\u00e7ileri, petrol ta\u015f\u0131yan tanker i\u015f\u00e7ileri sendikaya \u00fcye olmaya ba\u015flarlar. Bu ayn\u0131 zamanda yerel d\u00fczeyde sendikala\u015fma \u00e7abas\u0131n\u0131 h\u0131zland\u0131ran bir s\u00fcrecin de ba\u015flang\u0131c\u0131d\u0131r. T\u00fcrkiye&#8217;nin her k\u00f6\u015fesinde i\u015f\u00e7iler \u00f6rg\u00fctlenmeye ba\u015flarlar. 1951 y\u0131l\u0131nda ta\u015f\u0131t i\u015f kolunda art\u0131k bir \u00e7ok yerel sendika vard\u0131r. Ankara, \u0130zmir, Bursa, Gaziantep ve Elaz\u0131\u011f illerinde yerel d\u00fczeyde \u00f6rg\u00fctlenen ta\u015f\u0131t i\u015f\u00e7ileri sendikalar\u0131 \u00fclke d\u00fczeyinde g\u00fc\u00e7 birli\u011fi yapmaya karar verirler. \u0130\u015fte \u00fclke d\u00fczeyinde faaliyete ba\u015flayan Ta\u015f\u0131t \u0130\u015f\u00e7ileri Federasyonu (T\u0130F) b\u00f6yle ortaya \u00e7\u0131kar. T\u0130F&#8217;in ilk genel ba\u015fkan\u0131 Mehmet \u0130nhanl\u0131 olur. Par\u00e7alanmalar ve birle\u015fmelerle ge\u00e7en y\u0131llardan sonra, \u0130stanbul Elektrik Gaz ve Motorlu Ta\u015f\u0131t \u0130\u015f\u00e7ileri Sendikas\u0131 23 Mart 1952&#8217;de yapt\u0131\u011f\u0131 genel kurulla, bug\u00fcnk\u00fc T\u00fcrkiye Motorlu Ta\u015f\u0131t \u0130\u015f\u00e7ileri sendikas\u0131 (T\u00dcMT\u0130S)&#8217;in temelini olu\u015fturan Elektrik Gaz, Motorlu Ta\u015f\u0131t \u0130\u015f\u00e7ileri Sendikas\u0131 ortaya \u00e7\u0131kar. Art\u0131k s\u0131ra konfederal d\u00fczeyde \u00f6rg\u00fctlenmeye gelmi\u015ftir. Ta\u015f\u0131t \u0130\u015f\u00e7ileri Federasyonu (T\u0130F) 1952 y\u0131l\u0131nda kurucular\u0131 aras\u0131nda yer alarak T\u00fcrk-\u0130\u015f \u00fcyesi olur.<\/p><p style=\"text-align: justify;\">1963 y\u0131l\u0131na kadar geli\u015fen s\u00fcre\u00e7 \u00fclkemizde sendikalar\u0131n emekleme d\u00f6nemidir. Bu s\u00fcre\u00e7te par\u00e7alanma, b\u00f6l\u00fcnme g\u00fcndemdedir. B\u00f6l\u00fcnmeler neticesinde yeni yeni sendikalar kurulur. Bu nedenle sendikalar yetkisiz, zay\u0131f ve c\u0131l\u0131zd\u0131rlar. Bu d\u00f6nem adeta gelgit d\u00f6nemidir. 1963 y\u0131l\u0131nda 274 ve 275 say\u0131l\u0131 yasalar ve i\u015f kollar\u0131 yeniden belirlenir. Yeni i\u015fkollar\u0131 y\u00f6netmeli\u011fi \u00f6rg\u00fctl\u00fc i\u015f\u00e7ileri bir kez daha par\u00e7alar. Ta\u015f\u0131t \u0130\u015f\u00e7ileri Federasyonu (T\u0130F) Bir yol ayr\u0131m\u0131ndad\u0131r. Ta\u015f\u0131t \u0130\u015f\u00e7ileri Federasyonunun, elektrik, su ve gaz i\u015fkollar\u0131na giren i\u015f\u00e7iler kanuni zorunluluk nedeniyle Tes-\u0130\u015f Federasyonu \u00e7at\u0131s\u0131 alt\u0131nda toplan\u0131rlar. T\u0130F&#8217;in ta\u015f\u0131t i\u015fkoluna giren \u00e7al\u0131\u015fanlar\u0131 ise T\u00dcMT\u0130S&#8217;i kurarlar. K\u0131sa zamanda \u00f6rg\u00fctlenerek T\u00dcMT\u0130S&#8217;i 20 ilde \u00f6rg\u00fctlenmi\u015f g\u00fc\u00e7l\u00fc bir sendika haline getirirler. 1972 y\u0131l\u0131nda i\u015fkollar\u0131 y\u00f6netmeli\u011fi bir kez daha de\u011fi\u015fir. Y\u00f6netmelik genel i\u015fler i\u015fkolunun kapsam\u0131n\u0131 geni\u015fleterek belediyelerde g\u00f6rev yapan t\u00fcm \u00e7al\u0131\u015fanlar\u0131 ile ta\u015f\u0131t \u00e7al\u0131\u015fanlar\u0131n\u0131 da genel i\u015fler i\u015fkoluna aktar\u0131r.<\/p><p style=\"text-align: justify;\">Belediye ta\u015f\u0131t i\u015f\u00e7ileri 7.12.1972&#8217;de T\u00dcMT\u0130S&#8217;ten ayr\u0131lmak zorunda kal\u0131rlar. Ayr\u0131lan bu i\u015f\u00e7iler T\u00fcrkiye Genel-\u0130\u015f Sendikas\u0131n\u0131 kurarlar. Di\u011fer yandan belediyelerin elektrik, su ve gaz \u00fcnitelerinde \u00e7al\u0131\u015fan i\u015f\u00e7iler ise federal sistemde sendikala\u015farak TES-\u0130\u015e Federasyonuna \u00fcye olurlar. 17 \u015eubat 1974 tarihinde i\u015fkollar\u0131nda yeni bir d\u00fczenleme daha yap\u0131l\u0131r. Belediyelerdeki t\u00fcm birimler genel i\u015fler i\u015fkoluna dahil edilirler. \u0130\u015fkollar\u0131 y\u00f6netmeli\u011finin s\u00fcrekli de\u011fi\u015fmesi yeni olu\u015fumlar\u0131 da beraberinde getirir. Bu d\u00fczenlemeye ba\u011fl\u0131 olarak T\u00fcrkiye Genel-\u0130\u015f Sendikas\u0131 ile T\u00fcrkiye Enerji \u0130\u015f\u00e7ileri (TES-\u0130\u015e) Federasyonunda \u00f6rg\u00fctl\u00fc olan ve yerel d\u00fczeyde faaliyet g\u00f6steren belediyelerdeki Elektrik, Su ve Gaz i\u015f\u00e7ileri dahil olmak \u00fczere bir araya gelerek T\u00fcrkiye Belediyeler ve Genel Hizmetler \u0130\u015f\u00e7i Sendikalar\u0131 Federasyonu&#8217;nu (B\u0130F) kurarlar. B\u0130F&#8217;in kurucular\u0131 aras\u0131na, Ege Bes-\u0130\u015f (Ege b\u00f6lgesi Belediye \u0130\u015f\u00e7ileri Sendikas\u0131), Enerji-\u0130\u015f (Marmara ve Trakya B\u00f6lgesi Belediye Hizmetleri Enerji i\u015f\u00e7ileri Sendikas\u0131) T\u00fcmsu-\u0130\u015f (Trakya Marmara B\u00f6lgeleri Belediyeleri Su, Elektrik ve T\u00fcm Belediye Hizmetleri \u0130\u015f\u00e7ileri Sendikas\u0131) dir. Bu sendikalar ad\u0131na kurucular\u0131 ise H\u00fcseyin Pala, Fuat Alan, Faruk Akarkarasu, Mustafa Asan, Gaffur \u00d6zbay, O. Zeki Demirel, Selahattin Sara\u00e7o\u011flu, \u0130smail Ho\u015faf\u00e7\u0131, Timu\u00e7in Kaya, \u00c7etin G\u00f6\u00e7er, Faruk B\u00fcy\u00fckkucak ,Hasan \u015eahano\u011flu, Nevzat Cesur, Nuri K\u0131l\u0131\u00e7, Zeynel Da\u011f, Sinan Demir, Sabri Top\u00e7u, Abdullah \u00c7\u00f6mez, M. Emin \u0130\u015fcan, Erc\u00fcment Ekrem Alp ve Nevzat \u00d6zbay&#8217;d\u0131r. Federasyonun kurucu heyetinde H\u00fcseyin Pala Genel Ba\u015fkan O. Zeki Demirel ve Nevzat \u00d6zbay Genel Ba\u015fkan Yard\u0131mc\u0131s\u0131 Fuat Alan, Genel Sekreter Yusuf \u00c7i\u00e7ek, Mali sekreter Fikret Orhon, Erc\u00fcment Ekrem Alp ve Ali Demirkan Te\u015fkilat sekreteri olarak g\u00f6rev al\u0131r. B\u0130F ilk ola\u011fan genel kurulunu 24-25 Ocak 1976&#8242; da yapar, yap\u0131lan se\u00e7imler sonucu Genel Ba\u015fkanl\u0131\u011fa H\u00fcseyin Pala, Genel Ba\u015fkan Vekilli\u011fine \u00c7etin G\u00f6\u00e7er, Genel Sekreterli\u011fine Fuat Alan se\u00e7ilir. T\u00fcrkiye Belediyeler ve Genel Hizmetler Federasyonu (B\u0130F) Genel kurulunda al\u0131nan karar gere\u011fince T\u00dcRK-\u0130\u015e Konfederasyonu&#8217;na \u00fcye olur. 1977 y\u0131l\u0131nda T\u00fcrkiye Belediyeler ve genel Hizmetler i\u015f\u00e7i Sendikalar\u0131 Federasyonu&#8217;na ba\u011fl\u0131 sendikalar aras\u0131nda ,Ankara Temiz-\u0130\u015f, EGO Belediye-\u0130\u015f (\u0130\u00e7 Anadolu B\u00f6lgesi Belediye Hizmetleri i\u015f\u00e7ileri Sendikas\u0131) T\u00fcrkiye Genel-\u0130\u015f (T\u00fcrkiye Belediye ve Genel Hizmetleri \u0130\u015f\u00e7ileri Sendikas\u0131) Elaz\u0131\u011f Bes-\u0130\u015f, Konya Bes-\u0130\u015f (Orta Anadolu B\u00f6lgesi Belediye Hizmetleri \u0130\u015f\u00e7ileri Sendikas\u0131) ve T\u00fcrkiye Kap\u0131 Genel-\u0130\u015f (Kap\u0131 ve Kalorifer \u0130\u015f\u00e7ileri Sendikas\u0131)&#8217;na 1978&#8217;de Adapazar\u0131 Belde-\u0130\u015f (Sakarya ve Havalisi Belediye \u0130\u015f\u00e7ileri Sendikas\u0131) ve Isparta Bel-\u0130\u015f Sendikalar\u0131 eklenir. 1979 y\u0131l\u0131nda \u0130zmit Bes-\u0130\u015f (Bat\u0131 Karadeniz ve Marmara B\u00f6lgesi Belediye \u0130\u015f\u00e7ileri Sendikas\u0131) ile Mar-Kar Sen&#8217;in (Marmara ve Karadeniz B\u00f6lgesi H\u00fcr Genel-\u0130\u015f Sendikas\u0131) kat\u0131l\u0131r. 1983&#8217;te y\u00fcr\u00fcrl\u00fc\u011fe giren 2821 say\u0131l\u0131 sendikalar kanunu federatif tip \u00f6rg\u00fctlenmeye yer vermedi\u011finden, Federasyon t\u00fcz\u00fck de\u011fi\u015fikli\u011fini yapmak \u00fczere, 24 Temmuz 1983&#8217;te genel kurulunu toplar.<\/p><p style=\"text-align: justify;\">Genel kurulda Federasyon milli tip sendikaya d\u00f6n\u00fc\u015ft\u00fc ve ad\u0131 T\u00dcRK\u0130YE BELED\u0130YE-\u0130\u015e (T\u00fcrkiye Belediyeler ve Genel Hizmetler \u0130\u015f\u00e7iler Sendikas\u0131) olarak de\u011fi\u015ftirilir. Federasyona ba\u011fl\u0131 sendikalarda 1983 ve 1984 y\u0131llar\u0131 i\u00e7inde genel kurullar\u0131n\u0131 yaparak kendilerini fesh edip T\u00fcrkiye Belediye-\u0130\u015f&#8217;in \u015fubelerine d\u00f6n\u00fc\u015ft\u00fcr\u00fcrler. K\u00f6kleri T\u00fcrkiye \u0130\u015f\u00e7i s\u0131n\u0131f\u0131 kadar eski olan T\u00fcrkiye Belediye-\u0130\u015f Sendikas\u0131 i\u015fkolunun en b\u00fcy\u00fck, \u00fclkemizin \u00fc\u00e7\u00fcnc\u00fc b\u00fcy\u00fck sendikas\u0131d\u0131r.<\/p><p style=\"text-align: justify;\">\u00a0<\/p>\t\t\t\t\t\t\t\t<\/div>\n\t\t\t\t<\/div>\n\t\t\t\t\t<\/div>\n\t\t<\/div>\n\t\t\t\t\t<\/div>\n\t\t<\/section>\n\t\t\t\t<\/div>\n\t\t","protected":false},"excerpt":{"rendered":"<p>Belediye-i\u015f sendikas\u0131 k\u00f6kl\u00fc bir ge\u00e7mi\u015fe sahiptir. Verdi\u011fi m\u00fccadelelerle T\u00fcrkiye i\u015f\u00e7i tarihinde derin izler b\u0131rakm\u0131\u015ft\u0131r. \u00dclkemizde demokrasinin kesintiye u\u011framas\u0131, sendikal yasalar\u0131n, y\u00f6netmeliklerin de\u011fi\u015fik nedenlerle s\u0131k s\u0131k de\u011fi\u015ftirilmesi bu k\u00f6kl\u00fc ge\u00e7mi\u015fin gizlenmesine neden olmu\u015ftur. Oysa Belediye-\u0130\u015f&#8217;in tarihinin k\u00f6kleri 1949&#8217;lara dayanmaktad\u0131r. 1949 y\u0131l\u0131nda \u0130stanbul \u0130ETT&#8217;de \u00e7al\u0131\u015fan 50 i\u015f\u00e7inin bir araya gelmesiyle \u00f6rg\u00fctlenme i\u00e7in ilk ad\u0131m at\u0131l\u0131r. \u00d6rg\u00fctlenme \u00e7abalar\u0131 [&hellip;]<\/p>\n","protected":false},"author":1,"featured_media":0,"parent":0,"menu_order":0,"comment_status":"closed","ping_status":"closed","template":"","meta":{"jnews_page_loop":{"enable_page_loop":"0","first_title":"Latest Post","second_title":"","header_type":"heading_6","header_background":"","header_text_color":"","layout":"right-sidebar","sidebar":"default-sidebar","second_sidebar":"default-sidebar","sticky_sidebar":"1","module":"3","boxed":"0","boxed_shadow":"0","box_shadow":"0","excerpt_length":"20","content_date":"default","date_custom":"Y\/m\/d","content_pagination":"nav_1","pagination_align":"center","show_navtext":"0","show_pageinfo":"0","post_offset":"0","posts_per_page":"5","include_post":"","exclude_post":"","include_category":"","exclude_category":"","include_author":"","include_tag":"","exclude_tag":"","sort_by":"latest"},"jnews_single_page":{"layout":"right-sidebar","sidebar":"","second_sidebar":"","sticky_sidebar":"1","show_post_featured":"1","show_post_meta":"0","share_position":"hide","share_color":"share-monocrhome"},"jnews_social_meta":{"fb_title":"","fb_description":"","fb_image":"","twitter_title":"","twitter_description":"","twitter_image":""},"footnotes":""},"class_list":["post-806","page","type-page","status-publish","hentry"],"_links":{"self":[{"href":"https:\/\/belediyeis.org.tr\/merkez\/wp-json\/wp\/v2\/pages\/806","targetHints":{"allow":["GET"]}}],"collection":[{"href":"https:\/\/belediyeis.org.tr\/merkez\/wp-json\/wp\/v2\/pages"}],"about":[{"href":"https:\/\/belediyeis.org.tr\/merkez\/wp-json\/wp\/v2\/types\/page"}],"author":[{"embeddable":true,"href":"https:\/\/belediyeis.org.tr\/merkez\/wp-json\/wp\/v2\/users\/1"}],"replies":[{"embeddable":true,"href":"https:\/\/belediyeis.org.tr\/merkez\/wp-json\/wp\/v2\/comments?post=806"}],"version-history":[{"count":27,"href":"https:\/\/belediyeis.org.tr\/merkez\/wp-json\/wp\/v2\/pages\/806\/revisions"}],"predecessor-version":[{"id":1770,"href":"https:\/\/belediyeis.org.tr\/merkez\/wp-json\/wp\/v2\/pages\/806\/revisions\/1770"}],"wp:attachment":[{"href":"https:\/\/belediyeis.org.tr\/merkez\/wp-json\/wp\/v2\/media?parent=806"}],"curies":[{"name":"wp","href":"https:\/\/api.w.org\/{rel}","templated":true}]}}