{"id":702,"date":"2022-01-04T16:27:20","date_gmt":"2022-01-04T13:27:20","guid":{"rendered":"http:\/\/belediyeis.org.tr\/merkez\/?page_id=702"},"modified":"2022-01-28T13:05:41","modified_gmt":"2022-01-28T10:05:41","slug":"iletisim","status":"publish","type":"page","link":"https:\/\/belediyeis.org.tr\/merkez\/iletisim\/","title":{"rendered":"\u0130leti\u015fim"},"content":{"rendered":"<div class=\"wpb-content-wrapper\"><p>[vc_row][vc_column][vc_gmaps link=&#8221;#E-8_JTNDaWZyYW1lJTIwc3JjJTNEJTIyaHR0cHMlM0ElMkYlMkZ3d3cuZ29vZ2xlLmNvbSUyRm1hcHMlMkZlbWJlZCUzRnBiJTNEJTIxMW0xOCUyMTFtMTIlMjExbTMlMjExZDMwNTkuODU3NjU0Nzk2MzA0JTIxMmQzMi44NDU3NjkyMTU2MzgxMyUyMTNkMzkuOTIyMjAxNTkzNDg5OTklMjEybTMlMjExZjAlMjEyZjAlMjEzZjAlMjEzbTIlMjExaTEwMjQlMjEyaTc2OCUyMTRmMTMuMSUyMTNtMyUyMTFtMiUyMTFzMHgxNGQzNGYwMThiZDRkYWJiJTI1M0EweDg0MjEyYWM0NzZmMGYyZjQlMjEyelM4U3hlc1N4YkdGNUxDQkNaV3hsWkdsNVpTREVzTVdmSUZObGJtUnBhMkZ6eExFZ1IyVnVaV3dnVFdWeWEyVjZhU3dnTURZME1qQWd3NGRoYm10aGVXRXZRVzVyWVhKaCUyMTVlMCUyMTNtMiUyMTFzdHIlMjEyc3RyJTIxNHYxNjQxMjk4Njg4MjIwJTIxNW0yJTIxMXN0ciUyMTJzdHIlMjIlMjB3aWR0aCUzRCUyMjYwMCUyMiUyMGhlaWdodCUzRCUyMjQ1MCUyMiUyMHN0eWxlJTNEJTIyYm9yZGVyJTNBMCUzQiUyMiUyMGFsbG93ZnVsbHNjcmVlbiUzRCUyMiUyMiUyMGxvYWRpbmclM0QlMjJsYXp5JTIyJTNFJTNDJTJGaWZyYW1lJTNF&#8221;][\/vc_column][\/vc_row][vc_row][vc_column width=&#8221;1\/2&#8243;][vc_cta h2=&#8221;Adres&#8221; h2_font_container=&#8221;tag:h3|text_align:left&#8221; h2_use_theme_fonts=&#8221;yes&#8221; shape=&#8221;square&#8221; use_custom_fonts_h2=&#8221;true&#8221;]K\u0131z\u0131lay, Necatibey Cd. No:59, 06420 \u00c7ankaya\/Ankara[\/vc_cta][vc_cta h2=&#8221;Telefon&#8221; h2_font_container=&#8221;tag:h4|text_align:left&#8221; h2_use_theme_fonts=&#8221;yes&#8221; use_custom_fonts_h2=&#8221;true&#8221;](0312) 231 83 43[\/vc_cta][vc_cta h2=&#8221;Faks&#8221; h2_font_container=&#8221;tag:h4|text_align:left&#8221; h2_use_theme_fonts=&#8221;yes&#8221; use_custom_fonts_h2=&#8221;true&#8221;](0312) 232 08 74[\/vc_cta][vc_cta h2=&#8221;E-posta&#8221; h2_font_container=&#8221;tag:h4|text_align:left&#8221; h2_use_theme_fonts=&#8221;yes&#8221; use_custom_fonts_h2=&#8221;true&#8221;]belediyeis@belediyeis.org.tr[\/vc_cta][\/vc_column][vc_column width=&#8221;1\/2&#8243;]<div class=\"wpforms-container wpforms-container-full\" id=\"wpforms-739\"><form id=\"wpforms-form-739\" class=\"wpforms-validate wpforms-form wpforms-ajax-form\" data-formid=\"739\" method=\"post\" enctype=\"multipart\/form-data\" action=\"\/merkez\/wp-json\/wp\/v2\/pages\/702\" data-token=\"616579d1c271576937c07c2516521974\" data-token-time=\"1776590200\"><div class=\"wpforms-head-container\"><div class=\"wpforms-title\">\u0130leti\u015fim Formu<\/div><\/div><noscript class=\"wpforms-error-noscript\">Bu formu bitirebilmek i\u00e7in taray\u0131c\u0131n\u0131zda JavaScript&#039;i etkinle\u015ftirin.<\/noscript><div class=\"wpforms-field-container\"><div id=\"wpforms-739-field_0-container\" class=\"wpforms-field wpforms-field-name\" data-field-id=\"0\"><label class=\"wpforms-field-label\" for=\"wpforms-739-field_0\">Ad <span class=\"wpforms-required-label\">*<\/span><\/label><input type=\"text\" id=\"wpforms-739-field_0\" class=\"wpforms-field-medium wpforms-field-required\" name=\"wpforms[fields][0]\" required><\/div><div id=\"wpforms-739-field_1-container\" class=\"wpforms-field wpforms-field-email\" data-field-id=\"1\"><label class=\"wpforms-field-label\" for=\"wpforms-739-field_1\">E-Posta <span class=\"wpforms-required-label\">*<\/span><\/label><input type=\"email\" id=\"wpforms-739-field_1\" class=\"wpforms-field-medium wpforms-field-required\" name=\"wpforms[fields][1]\" spellcheck=\"false\" required><\/div><div id=\"wpforms-739-field_2-container\" class=\"wpforms-field wpforms-field-textarea\" data-field-id=\"2\"><label class=\"wpforms-field-label\" for=\"wpforms-739-field_2\">Mesaj <span class=\"wpforms-required-label\">*<\/span><\/label><textarea id=\"wpforms-739-field_2\" class=\"wpforms-field-medium wpforms-field-required\" name=\"wpforms[fields][2]\" required><\/textarea><\/div><\/div><!-- .wpforms-field-container --><div class=\"wpforms-submit-container\" ><input type=\"hidden\" name=\"wpforms[id]\" value=\"739\"><input type=\"hidden\" name=\"page_title\" value=\"\"><input type=\"hidden\" name=\"page_url\" value=\"https:\/\/belediyeis.org.tr\/merkez\/wp-json\/wp\/v2\/pages\/702\"><input type=\"hidden\" name=\"url_referer\" value=\"\"><button type=\"submit\" name=\"wpforms[submit]\" id=\"wpforms-submit-739\" class=\"wpforms-submit\" data-alt-text=\"G\u00f6nderiliyor\" data-submit-text=\"G\u00f6nder\" aria-live=\"assertive\" value=\"wpforms-submit\">G\u00f6nder<\/button><img decoding=\"async\" src=\"https:\/\/belediyeis.org.tr\/merkez\/wp-content\/plugins\/wpforms-lite\/assets\/images\/submit-spin.svg\" class=\"wpforms-submit-spinner\" style=\"display: none;\" width=\"26\" height=\"26\" alt=\"Y\u00fckleniyor\"><\/div><\/form><\/div>  <!-- .wpforms-container -->[\/vc_column][\/vc_row]<\/p>\n<\/div>","protected":false},"excerpt":{"rendered":"<p>[vc_row][vc_column][vc_gmaps link=&#8221;#E-8_JTNDaWZyYW1lJTIwc3JjJTNEJTIyaHR0cHMlM0ElMkYlMkZ3d3cuZ29vZ2xlLmNvbSUyRm1hcHMlMkZlbWJlZCUzRnBiJTNEJTIxMW0xOCUyMTFtMTIlMjExbTMlMjExZDMwNTkuODU3NjU0Nzk2MzA0JTIxMmQzMi44NDU3NjkyMTU2MzgxMyUyMTNkMzkuOTIyMjAxNTkzNDg5OTklMjEybTMlMjExZjAlMjEyZjAlMjEzZjAlMjEzbTIlMjExaTEwMjQlMjEyaTc2OCUyMTRmMTMuMSUyMTNtMyUyMTFtMiUyMTFzMHgxNGQzNGYwMThiZDRkYWJiJTI1M0EweDg0MjEyYWM0NzZmMGYyZjQlMjEyelM4U3hlc1N4YkdGNUxDQkNaV3hsWkdsNVpTREVzTVdmSUZObGJtUnBhMkZ6eExFZ1IyVnVaV3dnVFdWeWEyVjZhU3dnTURZME1qQWd3NGRoYm10aGVXRXZRVzVyWVhKaCUyMTVlMCUyMTNtMiUyMTFzdHIlMjEyc3RyJTIxNHYxNjQxMjk4Njg4MjIwJTIxNW0yJTIxMXN0ciUyMTJzdHIlMjIlMjB3aWR0aCUzRCUyMjYwMCUyMiUyMGhlaWdodCUzRCUyMjQ1MCUyMiUyMHN0eWxlJTNEJTIyYm9yZGVyJTNBMCUzQiUyMiUyMGFsbG93ZnVsbHNjcmVlbiUzRCUyMiUyMiUyMGxvYWRpbmclM0QlMjJsYXp5JTIyJTNFJTNDJTJGaWZyYW1lJTNF&#8221;][\/vc_column][\/vc_row][vc_row][vc_column width=&#8221;1\/2&#8243;][vc_cta h2=&#8221;Adres&#8221; h2_font_container=&#8221;tag:h3|text_align:left&#8221; h2_use_theme_fonts=&#8221;yes&#8221; shape=&#8221;square&#8221; use_custom_fonts_h2=&#8221;true&#8221;]K\u0131z\u0131lay, Necatibey Cd. No:59, 06420 \u00c7ankaya\/Ankara[\/vc_cta][vc_cta h2=&#8221;Telefon&#8221; h2_font_container=&#8221;tag:h4|text_align:left&#8221; h2_use_theme_fonts=&#8221;yes&#8221; use_custom_fonts_h2=&#8221;true&#8221;](0312) 231 83 43[\/vc_cta][vc_cta h2=&#8221;Faks&#8221; h2_font_container=&#8221;tag:h4|text_align:left&#8221; h2_use_theme_fonts=&#8221;yes&#8221; use_custom_fonts_h2=&#8221;true&#8221;](0312) 232 08 74[\/vc_cta][vc_cta h2=&#8221;E-posta&#8221; h2_font_container=&#8221;tag:h4|text_align:left&#8221; h2_use_theme_fonts=&#8221;yes&#8221; use_custom_fonts_h2=&#8221;true&#8221;]belediyeis@belediyeis.org.tr[\/vc_cta][\/vc_column][vc_column width=&#8221;1\/2&#8243;][\/vc_column][\/vc_row]<\/p>\n","protected":false},"author":1,"featured_media":0,"parent":0,"menu_order":0,"comment_status":"closed","ping_status":"closed","template":"","meta":{"jnews_page_loop":{"enable_page_loop":"0","first_title":"Latest Post","second_title":"","header_type":"heading_6","header_background":"","header_text_color":"","layout":"right-sidebar","sidebar":"default-sidebar","second_sidebar":"default-sidebar","sticky_sidebar":"1","module":"3","boxed":"0","boxed_shadow":"0","box_shadow":"0","excerpt_length":"20","content_date":"default","date_custom":"Y\/m\/d","content_pagination":"nav_1","pagination_align":"center","show_navtext":"0","show_pageinfo":"0","post_offset":"0","posts_per_page":"5","include_post":"","exclude_post":"","include_category":"","exclude_category":"","include_author":"","include_tag":"","exclude_tag":"","sort_by":"latest"},"jnews_single_page":{"layout":"no-sidebar","sidebar":"default-sidebar","second_sidebar":"default-sidebar","sticky_sidebar":"0","show_post_featured":"0","show_post_meta":"0","share_position":"hide","share_color":"share-monocrhome"},"jnews_social_meta":{"fb_title":"","fb_description":"","fb_image":"","twitter_title":"","twitter_description":"","twitter_image":""},"footnotes":""},"class_list":["post-702","page","type-page","status-publish","hentry"],"_links":{"self":[{"href":"https:\/\/belediyeis.org.tr\/merkez\/wp-json\/wp\/v2\/pages\/702","targetHints":{"allow":["GET"]}}],"collection":[{"href":"https:\/\/belediyeis.org.tr\/merkez\/wp-json\/wp\/v2\/pages"}],"about":[{"href":"https:\/\/belediyeis.org.tr\/merkez\/wp-json\/wp\/v2\/types\/page"}],"author":[{"embeddable":true,"href":"https:\/\/belediyeis.org.tr\/merkez\/wp-json\/wp\/v2\/users\/1"}],"replies":[{"embeddable":true,"href":"https:\/\/belediyeis.org.tr\/merkez\/wp-json\/wp\/v2\/comments?post=702"}],"version-history":[{"count":12,"href":"https:\/\/belediyeis.org.tr\/merkez\/wp-json\/wp\/v2\/pages\/702\/revisions"}],"predecessor-version":[{"id":1929,"href":"https:\/\/belediyeis.org.tr\/merkez\/wp-json\/wp\/v2\/pages\/702\/revisions\/1929"}],"wp:attachment":[{"href":"https:\/\/belediyeis.org.tr\/merkez\/wp-json\/wp\/v2\/media?parent=702"}],"curies":[{"name":"wp","href":"https:\/\/api.w.org\/{rel}","templated":true}]}}