{"id":841,"date":"2022-01-06T14:39:03","date_gmt":"2022-01-06T11:39:03","guid":{"rendered":"http:\/\/belediyeis.org.tr\/merkez\/?page_id=841"},"modified":"2022-01-25T15:14:08","modified_gmt":"2022-01-25T12:14:08","slug":"egitim-ve-basin-yayin-politikamiz","status":"publish","type":"page","link":"http:\/\/belediyeis.org.tr\/merkez\/egitim-ve-basin-yayin-politikamiz\/","title":{"rendered":"E\u011fitim ve Bas\u0131n Yay\u0131n Politikam\u0131z"},"content":{"rendered":"\t\t<div data-elementor-type=\"wp-page\" data-elementor-id=\"841\" class=\"elementor elementor-841\">\n\t\t\t\t\t\t<section class=\"elementor-section elementor-top-section elementor-element elementor-element-185c185f elementor-section-boxed elementor-section-height-default elementor-section-height-default\" data-id=\"185c185f\" data-element_type=\"section\" data-e-type=\"section\">\n\t\t\t\t\t\t<div class=\"elementor-container elementor-column-gap-default\">\n\t\t\t\t\t<div class=\"elementor-column elementor-col-100 elementor-top-column elementor-element elementor-element-594864db\" data-id=\"594864db\" data-element_type=\"column\" data-e-type=\"column\">\n\t\t\t<div class=\"elementor-widget-wrap elementor-element-populated\">\n\t\t\t\t\t\t<div class=\"elementor-element elementor-element-106674f5 elementor-widget elementor-widget-text-editor\" data-id=\"106674f5\" data-element_type=\"widget\" data-e-type=\"widget\" data-widget_type=\"text-editor.default\">\n\t\t\t\t<div class=\"elementor-widget-container\">\n\t\t\t\t\t\t\t\t\t\n<p><img fetchpriority=\"high\" decoding=\"async\" class=\"aligncenter wp-image-1760 size-jnews-1140x570\" src=\"http:\/\/belediyeis.org.tr\/merkez\/wp-content\/uploads\/2022\/01\/egitimbasinyayin-1140x570.jpg\" alt=\"\" width=\"1140\" height=\"570\" srcset=\"http:\/\/belediyeis.org.tr\/merkez\/wp-content\/uploads\/2022\/01\/egitimbasinyayin-1140x570.jpg 1140w, http:\/\/belediyeis.org.tr\/merkez\/wp-content\/uploads\/2022\/01\/egitimbasinyayin-360x180.jpg 360w, http:\/\/belediyeis.org.tr\/merkez\/wp-content\/uploads\/2022\/01\/egitimbasinyayin-750x375.jpg 750w\" sizes=\"(max-width: 1140px) 100vw, 1140px\" \/><\/p>\n<p style=\"text-align: justify;\"><span style=\"color: #ff0000;\"><strong><span style=\"font-size: 14pt;\">E\u011fitim ve Bas\u0131n Yay\u0131n Politikam\u0131z <\/span><\/strong><\/span><\/p>\n<p style=\"text-align: justify;\"><span style=\"color: #000000; font-size: 12pt;\">Sendikal ya\u015famda, \u00fcy<\/span>e-y\u00f6netici b\u00fct\u00fcnselli\u011fini sa\u011flayacak, \u00fcyelere do\u011frudan ula\u015ft\u0131rarak, onlara yeni perspektifler a\u00e7acak, sendikan\u0131n ad\u0131n\u0131n ve faaliyetlerinin duyurulmas\u0131n\u0131 sa\u011flayacak i\u015f\u00e7ileri motive edecek en \u00f6nemli ara\u00e7, ku\u015fkusuz sendikan\u0131n bas\u0131n yay\u0131n organlar\u0131 ve propaganda \u00e7al\u0131\u015fmalar\u0131d\u0131r.<\/p>\n<p style=\"text-align: justify;\">Sendika yay\u0131n organlar\u0131 sadece sendikal alanla ilgili de\u011fil, ya\u015fam\u0131n di\u011fer alanlar\u0131nda olup bitenlerle ilgili haber ve yorumlar\u0131 \u00fcyelerini bilgilendirmelidir.<\/p>\n\n<p style=\"text-align: justify;\">Sendikam\u0131z\u0131n Bas\u0131n-Yay\u0131n \u00e7al\u0131\u015fmalar\u0131n\u0131n bir di\u011fer boyutu da halkla ili\u015fkilerdir. Sendikam\u0131z\u0131n \u00fclke d\u00fczeyinde ve uluslararas\u0131 d\u00fczeyde ad\u0131n\u0131 duyurmak, i\u015f\u00e7ilerin i\u00e7inde bulundu\u011fu durum ile ilgili halk\u0131n bilgilendirilmesini sa\u011flamakt\u0131r.<\/p>\n\n<p style=\"text-align: justify;\">\u00a0Belediye-\u0130\u015f Sendikas\u0131 bas\u0131n yay\u0131n \u00e7al\u0131\u015fmalar\u0131nda temel \u00e7er\u00e7evede, \u00e7al\u0131\u015fma hayat\u0131na ili\u015fkin haz\u0131rlad\u0131\u011f\u0131 kitap ve bro\u015f\u00fcrlerle, \u00fclke ve i\u015fkoluna ili\u015fkin haz\u0131rlad\u0131\u011f\u0131 raporlarla, \u00fclkemizin demokratikle\u015fmesi konusunda yapt\u0131\u011f\u0131 \u00e7al\u0131\u015fmalarla bu konuda kararl\u0131\u011f\u0131n\u0131 ortaya koymu\u015ftur.<\/p>\n<p style=\"text-align: justify;\"><strong>E\u011fitim Politikam\u0131z<\/strong><\/p>\n<p style=\"text-align: justify;\">Demokratik toplumsal yap\u0131n\u0131n ana unsurlar\u0131ndan olan sendikalar, eme\u011fin hak ve \u00e7\u0131karlar\u0131n\u0131 korumak ve geli\u015ftirmekle y\u00fck\u00fcml\u00fcd\u00fcr. Sendikalar\u0131n \u00f6n\u00fcndeki bu ama\u00e7, dinamik bir s\u00fcre\u00e7tir ve her toplumsal ko\u015fulda yenilenmeli, de\u011fi\u015fmeli ve daha da geli\u015ftirilmelidir. Bu yaln\u0131zca sendikalar\u0131n kendi rollerini etkinle\u015ftirmesi i\u00e7in de\u011fil, demokratikle\u015fme i\u00e7inde zorunlu bir g\u00f6revdir.<\/p>\n<p style=\"text-align: justify;\">K\u00fcreselle\u015fen sermayenin, ideolojik \u00fcst\u00fcnl\u00fck kazanmak i\u00e7in en geni\u015f halk kesimlerini \u015fartland\u0131rmaya \u00e7al\u0131\u015ft\u0131\u011f\u0131 g\u00fcn\u00fcm\u00fczde, sermayeye kar\u015f\u0131 \u00fcyelerini do\u011fru bilgilerle donanmas\u0131n\u0131 sa\u011flamak, sendikalar\u0131n erteleyemeyece\u011fi g\u00fcncel g\u00f6revlerindendir.<\/p>\n<p style=\"text-align: justify;\">\u00dcyelerini ger\u00e7ek ve bilimsel bilgilerle donatman\u0131n en \u00f6nemli arac\u0131 sendikal e\u011fitimlerdir. Bunun ger\u00e7ekle\u015ftirilmesi i\u00e7in sendikal e\u011fitimlerin; toplumsal ger\u00e7ekleri \u00e7\u00f6z\u00fcmleyici, \u00f6rg\u00fctlenme bilincini ve davran\u0131\u015f\u0131n\u0131 geli\u015ftirici kapsamda olmas\u0131 zorunludur. Yani \u015fartland\u0131rmalardan uzak, somut ger\u00e7ek\u00e7i ve bilimsel do\u011frultulardan sapmayan bir sendikal e\u011fitimlerin ger\u00e7ekle\u015ftirilmesi, sendikal yap\u0131y\u0131 daha da g\u00fc\u00e7lendirecektir. B\u00f6ylesi bir hedef i\u00e7inde d\u00fczenlenen sendikal e\u011fitimler; d\u00fcnya g\u00f6r\u00fc\u015fleri her ne olursa olsun ortak paydada bulu\u015fabilen, ortak hareket edebilen, her t\u00fcrl\u00fc haks\u0131zl\u0131\u011fa kar\u015f\u0131 \u00e7\u0131kan, inisiyatif sahibi, ara\u015ft\u0131rma e\u011filimi geli\u015fkin \u00e7a\u011fda\u015f bir \u00fcye profili olu\u015fmas\u0131na katk\u0131 sa\u011flayacakt\u0131r.<\/p>\n<p style=\"text-align: justify;\">Sermayenin \u00e7ok geli\u015fkin e\u011fitim ara\u00e7lar\u0131na ve deneyimli kurumlar\u0131na kar\u015f\u0131l\u0131k bu hedeflere ula\u015fabilmek zorlu bir \u00e7abay\u0131 gerektirir. T\u00fcm bu zorluklar\u0131 a\u015fabilmek i\u00e7in sendikal e\u011fitimler \u00e7e\u015fitlendirilmeli ve kapsam\u0131 zenginle\u015ftirilmelidir. Belediye-\u0130\u015f Sendikas\u0131, e\u011fitim \u00e7al\u0131\u015fmalar\u0131n\u0131 bu do\u011frultuda ger\u00e7ekle\u015ftirmeye \u00e7al\u0131\u015fm\u0131\u015ft\u0131r. Ama\u00e7 her zaman daha yayg\u0131n ve daha etkili e\u011fitimdir.<\/p>\n<p style=\"text-align: justify;\">\u00a0<strong>1-TABAN E\u011e\u0130T\u0130MLER\u0130 (TEMEL \u00dcYE E\u011e\u0130T\u0130MLER\u0130)<\/strong><\/p>\n<p style=\"text-align: justify;\">Sendikam\u0131z\u0131n e\u011fitime bak\u0131\u015f\u0131 \u00e7er\u00e7evesinde taban \u00fcye e\u011fitimlerimizde temel sendikac\u0131l\u0131k bilgileri \u00fcyelerimizle payla\u015f\u0131lmaktad\u0131r. Sendikal hareketin ve \u00fclkemizin g\u00fcncel sorunlar\u0131 ve \u00e7\u00f6z\u00fcm yollar\u0131 b\u00fct\u00fcn boyutlar\u0131yla tart\u0131\u015f\u0131lmaktad\u0131r.<\/p>\n<p style=\"text-align: justify;\">\u00a0<strong>2-TEMS\u0130LC\u0130 E\u011e\u0130T\u0130MLER\u0130:<\/strong><\/p>\n<p style=\"text-align: justify;\">Bu e\u011fitimin temel amac\u0131, temsilcilerimizin g\u00f6revlerini daha iyi ger\u00e7ekle\u015ftirmelerini sa\u011flamak i\u00e7in izleyecekleri yol ve y\u00f6ntemi yapt\u0131\u011f\u0131m\u0131z tart\u0131\u015fmalarla ortaya \u00e7\u0131karmak, \u00fclkemizin ve sendikal hareketin sorunlar\u0131n\u0131 tart\u0131\u015fmak ve onlara yeni bak\u0131\u015f a\u00e7\u0131lar\u0131 kazand\u0131rmakt\u0131r.<\/p>\n<p style=\"text-align: justify;\"><strong>3-Y\u00d6NET\u0130C\u0130 E\u011e\u0130T\u0130M\u0130:<\/strong><\/p>\n<p style=\"text-align: justify;\">Se\u00e7ilmi\u015f y\u00f6neticileri kapsayan y\u00f6netici e\u011fitiminde ama\u00e7, y\u00f6neticilere sendikal politikalar \u00fcretmede gerekli ve \u00f6ncelikli bilgileri verebilmektir. D\u00fcnya ve T\u00fcrkiye ekonomisi, sendikal hareketin d\u00fcnyada ve \u00dclkemizdeki durumu ve \u00e7\u0131k\u0131\u015f yollar\u0131 bu e\u011fitimin en temel ba\u015fl\u0131klar\u0131d\u0131r.<\/p>\n\t\t\t\t\t\t\t\t<\/div>\n\t\t\t\t<\/div>\n\t\t\t\t\t<\/div>\n\t\t<\/div>\n\t\t\t\t\t<\/div>\n\t\t<\/section>\n\t\t\t\t<\/div>\n\t\t","protected":false},"excerpt":{"rendered":"<p>E\u011fitim ve Bas\u0131n Yay\u0131n Politikam\u0131z Sendikal ya\u015famda, \u00fcye-y\u00f6netici b\u00fct\u00fcnselli\u011fini sa\u011flayacak, \u00fcyelere do\u011frudan ula\u015ft\u0131rarak, onlara yeni perspektifler a\u00e7acak, sendikan\u0131n ad\u0131n\u0131n ve faaliyetlerinin duyurulmas\u0131n\u0131 sa\u011flayacak i\u015f\u00e7ileri motive edecek en \u00f6nemli ara\u00e7, ku\u015fkusuz sendikan\u0131n bas\u0131n yay\u0131n organlar\u0131 ve propaganda \u00e7al\u0131\u015fmalar\u0131d\u0131r. Sendika yay\u0131n organlar\u0131 sadece sendikal alanla ilgili de\u011fil, ya\u015fam\u0131n di\u011fer alanlar\u0131nda olup bitenlerle ilgili haber ve yorumlar\u0131 \u00fcyelerini [&hellip;]<\/p>\n","protected":false},"author":1,"featured_media":0,"parent":0,"menu_order":0,"comment_status":"closed","ping_status":"closed","template":"","meta":{"jnews_page_loop":{"enable_page_loop":"0","first_title":"Latest Post","second_title":"","header_type":"heading_6","header_background":"","header_text_color":"","layout":"right-sidebar","sidebar":"default-sidebar","second_sidebar":"default-sidebar","sticky_sidebar":"1","module":"3","boxed":"0","boxed_shadow":"0","box_shadow":"0","excerpt_length":"20","content_date":"default","date_custom":"Y\/m\/d","content_pagination":"nav_1","pagination_align":"center","show_navtext":"0","show_pageinfo":"0","post_offset":"0","posts_per_page":"5","include_post":"","exclude_post":"","include_category":"","exclude_category":"","include_author":"","include_tag":"","exclude_tag":"","sort_by":"latest"},"jnews_single_page":{"layout":"no-sidebar","sidebar":"default-sidebar","second_sidebar":"default-sidebar","sticky_sidebar":"1","show_post_featured":"1","show_post_meta":"0","share_position":"hide","share_color":"share-monocrhome"},"jnews_social_meta":{"fb_title":"","fb_description":"","fb_image":"","twitter_title":"","twitter_description":"","twitter_image":""},"footnotes":""},"class_list":["post-841","page","type-page","status-publish","hentry"],"_links":{"self":[{"href":"http:\/\/belediyeis.org.tr\/merkez\/wp-json\/wp\/v2\/pages\/841","targetHints":{"allow":["GET"]}}],"collection":[{"href":"http:\/\/belediyeis.org.tr\/merkez\/wp-json\/wp\/v2\/pages"}],"about":[{"href":"http:\/\/belediyeis.org.tr\/merkez\/wp-json\/wp\/v2\/types\/page"}],"author":[{"embeddable":true,"href":"http:\/\/belediyeis.org.tr\/merkez\/wp-json\/wp\/v2\/users\/1"}],"replies":[{"embeddable":true,"href":"http:\/\/belediyeis.org.tr\/merkez\/wp-json\/wp\/v2\/comments?post=841"}],"version-history":[{"count":38,"href":"http:\/\/belediyeis.org.tr\/merkez\/wp-json\/wp\/v2\/pages\/841\/revisions"}],"predecessor-version":[{"id":1763,"href":"http:\/\/belediyeis.org.tr\/merkez\/wp-json\/wp\/v2\/pages\/841\/revisions\/1763"}],"wp:attachment":[{"href":"http:\/\/belediyeis.org.tr\/merkez\/wp-json\/wp\/v2\/media?parent=841"}],"curies":[{"name":"wp","href":"https:\/\/api.w.org\/{rel}","templated":true}]}}