{"id":1385,"date":"2022-01-17T10:30:41","date_gmt":"2022-01-17T07:30:41","guid":{"rendered":"http:\/\/belediyeis.org.tr\/merkez\/?page_id=1385"},"modified":"2022-02-03T16:25:30","modified_gmt":"2022-02-03T13:25:30","slug":"gorseller","status":"publish","type":"page","link":"http:\/\/belediyeis.org.tr\/merkez\/gorseller\/","title":{"rendered":"G\u00f6rseller\/Yay\u0131nlar"},"content":{"rendered":"<div class=\"wpb-content-wrapper\"><p>[vc_row][vc_column parallax=&#8221;content-moving&#8221; parallax_image=&#8221;1587&#8243; width=&#8221;1\/3&#8243;][vc_images_carousel images=&#8221;2007,1906,1903,1905,1987,1988,1989,1991,2004,1992,1993,1900,1994,1996,1997,1998,1999,2000,2001,2002,2003&#8243; img_size=&#8221;350px&#8221; autoplay=&#8221;yes&#8221;][vc_column_text]<\/p>\n<p style=\"text-align: center;\"><strong>Bak\u0131rk\u00f6y Grevi<\/strong><\/p>\n<p>[\/vc_column_text][\/vc_column][vc_column width=&#8221;1\/3&#8243;][vc_images_carousel images=&#8221;1985,1980,1982,1983,1981,1984&#8243; img_size=&#8221;350px&#8221; autoplay=&#8221;yes&#8221;][vc_column_text]<\/p>\n<p style=\"text-align: center;\"><strong>Ayd\u0131n B\u00fcy\u00fck\u015fehir Belediyesi Toplu S\u00f6zle\u015fme T\u00f6reni. 04.10.2021<\/strong><\/p>\n<p>[\/vc_column_text][\/vc_column][vc_column width=&#8221;1\/3&#8243;][vc_images_carousel images=&#8221;2114,2115,2116,2117,2118,2119,2120,2121,2122,2123,2124,2125,2126,2127,2128,2129&#8243; img_size=&#8221;350px&#8221; autoplay=&#8221;yes&#8221;][vc_column_text]<\/p>\n<p style=\"text-align: center;\"><strong>Belediye-\u0130\u015f Atat\u00fcrk Takvimleri<\/strong><\/p>\n<p>[\/vc_column_text][\/vc_column][\/vc_row][vc_row][vc_column parallax=&#8221;content-moving&#8221; parallax_image=&#8221;1587&#8243; width=&#8221;1\/3&#8243;][vc_images_carousel images=&#8221;2007,1906,1903,1905,1987,1988,1989,1991,2004,1992,1993,1900,1994,1996,1997,1998,1999,2000,2001,2002,2003&#8243; img_size=&#8221;350px&#8221; autoplay=&#8221;yes&#8221;][vc_column_text]<\/p>\n<p style=\"text-align: center;\"><strong>Bak\u0131rk\u00f6y Grevi<\/strong><\/p>\n<p>[\/vc_column_text][\/vc_column][vc_column width=&#8221;1\/3&#8243;][vc_images_carousel images=&#8221;1985,1980,1982,1983,1981,1984&#8243; img_size=&#8221;350px&#8221; autoplay=&#8221;yes&#8221;][vc_column_text]<\/p>\n<p style=\"text-align: center;\"><strong>Ayd\u0131n B\u00fcy\u00fck\u015fehir Belediyesi Toplu S\u00f6zle\u015fme T\u00f6reni. 04.10.2021<\/strong><\/p>\n<p>[\/vc_column_text][\/vc_column][vc_column width=&#8221;1\/3&#8243;][vc_images_carousel images=&#8221;2152&#8243; img_size=&#8221;350px&#8221; autoplay=&#8221;yes&#8221;][vc_column_text]<\/p>\n<p style=\"text-align: center;\"><strong>Emek\u00e7iler Atat\u00fcrk Takvimleriyle&#8230;<\/strong><\/p>\n<p>[\/vc_column_text][\/vc_column][\/vc_row][vc_row][vc_column parallax=&#8221;content-moving&#8221; parallax_image=&#8221;1587&#8243; width=&#8221;1\/3&#8243;][vc_images_carousel images=&#8221;2057,2055,2056,2054,1956,1953&#8243; img_size=&#8221;350px&#8221; autoplay=&#8221;yes&#8221;][vc_column_text]G\u00f6rseller[\/vc_column_text][\/vc_column][vc_column width=&#8221;1\/3&#8243;][vc_images_carousel images=&#8221;2015,2011,2013,2014,2012&#8243; img_size=&#8221;350px&#8221; autoplay=&#8221;yes&#8221;][vc_column_text]<\/p>\n<p style=\"text-align: center;\"><strong>Hatay B\u00fcy\u00fck\u015fehir Belediyesi \u0130MAR A.\u015e. ile HATSU Personel A.\u015e.\u2019de toplu s\u00f6zle\u015fme. 04.11.2021<\/strong><\/p>\n<p>[\/vc_column_text][\/vc_column][vc_column width=&#8221;1\/3&#8243;][vc_images_carousel images=&#8221;1971,1972,1973&#8243; img_size=&#8221;350px&#8221; autoplay=&#8221;yes&#8221;][vc_column_text]<\/p>\n<p style=\"text-align: center;\"><strong>Belediye-\u0130\u015f Kitapl\u0131\u011f\u0131\u00a0<\/strong><\/p>\n<p>[\/vc_column_text][\/vc_column][\/vc_row]<\/p>\n<\/div>","protected":false},"excerpt":{"rendered":"<p>[vc_row][vc_column parallax=&#8221;content-moving&#8221; parallax_image=&#8221;1587&#8243; width=&#8221;1\/3&#8243;][vc_images_carousel images=&#8221;2007,1906,1903,1905,1987,1988,1989,1991,2004,1992,1993,1900,1994,1996,1997,1998,1999,2000,2001,2002,2003&#8243; img_size=&#8221;350px&#8221; autoplay=&#8221;yes&#8221;][vc_column_text] Bak\u0131rk\u00f6y Grevi [\/vc_column_text][\/vc_column][vc_column width=&#8221;1\/3&#8243;][vc_images_carousel images=&#8221;1985,1980,1982,1983,1981,1984&#8243; img_size=&#8221;350px&#8221; autoplay=&#8221;yes&#8221;][vc_column_text] Ayd\u0131n B\u00fcy\u00fck\u015fehir Belediyesi Toplu S\u00f6zle\u015fme T\u00f6reni. 04.10.2021 [\/vc_column_text][\/vc_column][vc_column width=&#8221;1\/3&#8243;][vc_images_carousel images=&#8221;2114,2115,2116,2117,2118,2119,2120,2121,2122,2123,2124,2125,2126,2127,2128,2129&#8243; img_size=&#8221;350px&#8221; autoplay=&#8221;yes&#8221;][vc_column_text] Belediye-\u0130\u015f Atat\u00fcrk Takvimleri [\/vc_column_text][\/vc_column][\/vc_row][vc_row][vc_column parallax=&#8221;content-moving&#8221; parallax_image=&#8221;1587&#8243; width=&#8221;1\/3&#8243;][vc_images_carousel images=&#8221;2007,1906,1903,1905,1987,1988,1989,1991,2004,1992,1993,1900,1994,1996,1997,1998,1999,2000,2001,2002,2003&#8243; img_size=&#8221;350px&#8221; autoplay=&#8221;yes&#8221;][vc_column_text] Bak\u0131rk\u00f6y Grevi [\/vc_column_text][\/vc_column][vc_column width=&#8221;1\/3&#8243;][vc_images_carousel images=&#8221;1985,1980,1982,1983,1981,1984&#8243; img_size=&#8221;350px&#8221; autoplay=&#8221;yes&#8221;][vc_column_text] Ayd\u0131n B\u00fcy\u00fck\u015fehir Belediyesi Toplu S\u00f6zle\u015fme T\u00f6reni. 04.10.2021 [\/vc_column_text][\/vc_column][vc_column width=&#8221;1\/3&#8243;][vc_images_carousel images=&#8221;2152&#8243; img_size=&#8221;350px&#8221; autoplay=&#8221;yes&#8221;][vc_column_text] [&hellip;]<\/p>\n","protected":false},"author":1,"featured_media":0,"parent":0,"menu_order":0,"comment_status":"closed","ping_status":"closed","template":"","meta":{"jnews_page_loop":{"enable_page_loop":"0","first_title":"Latest Post","second_title":"","header_type":"heading_6","header_background":"","header_text_color":"","layout":"right-sidebar","sidebar":"default-sidebar","second_sidebar":"default-sidebar","sticky_sidebar":"1","module":"3","boxed":"0","boxed_shadow":"0","box_shadow":"0","excerpt_length":"20","content_date":"default","date_custom":"Y\/m\/d","content_pagination":"nav_1","pagination_align":"center","show_navtext":"0","show_pageinfo":"0","post_offset":"0","posts_per_page":"5","include_post":"","exclude_post":"","include_category":"","exclude_category":"","include_author":"","include_tag":"","exclude_tag":"","sort_by":"latest"},"jnews_single_page":{"layout":"no-sidebar","sidebar":"default-sidebar","second_sidebar":"default-sidebar","sticky_sidebar":"1","show_post_featured":"1","show_post_meta":"0","share_position":"hide","share_color":"share-monocrhome"},"jnews_social_meta":{"fb_title":"","fb_description":"","fb_image":"","twitter_title":"","twitter_description":"","twitter_image":""},"footnotes":""},"class_list":["post-1385","page","type-page","status-publish","hentry"],"_links":{"self":[{"href":"http:\/\/belediyeis.org.tr\/merkez\/wp-json\/wp\/v2\/pages\/1385","targetHints":{"allow":["GET"]}}],"collection":[{"href":"http:\/\/belediyeis.org.tr\/merkez\/wp-json\/wp\/v2\/pages"}],"about":[{"href":"http:\/\/belediyeis.org.tr\/merkez\/wp-json\/wp\/v2\/types\/page"}],"author":[{"embeddable":true,"href":"http:\/\/belediyeis.org.tr\/merkez\/wp-json\/wp\/v2\/users\/1"}],"replies":[{"embeddable":true,"href":"http:\/\/belediyeis.org.tr\/merkez\/wp-json\/wp\/v2\/comments?post=1385"}],"version-history":[{"count":41,"href":"http:\/\/belediyeis.org.tr\/merkez\/wp-json\/wp\/v2\/pages\/1385\/revisions"}],"predecessor-version":[{"id":1825,"href":"http:\/\/belediyeis.org.tr\/merkez\/wp-json\/wp\/v2\/pages\/1385\/revisions\/1825"}],"wp:attachment":[{"href":"http:\/\/belediyeis.org.tr\/merkez\/wp-json\/wp\/v2\/media?parent=1385"}],"curies":[{"name":"wp","href":"https:\/\/api.w.org\/{rel}","templated":true}]}}